{"id":3,"date":"2023-11-10T13:13:02","date_gmt":"2023-11-10T12:13:02","guid":{"rendered":"https:\/\/grupobapi.com\/?page_id=3"},"modified":"2023-12-01T15:00:45","modified_gmt":"2023-12-01T14:00:45","slug":"politica-de-privacidad","status":"publish","type":"page","link":"https:\/\/grupobapi.com\/?page_id=3","title":{"rendered":"Pol\u00edtica de privacidad"},"content":{"rendered":"\n<p>La presente pol\u00edtica de privacidad regula el tratamiento de datos efectuado a trav\u00e9s de la web\u00a0www.grupobapi.com\u00a0(en adelante, la \u201c<strong>Web<\/strong>\u201d o el \u201c<strong>Sitio<\/strong>\u201d).<\/p>\n\n\n\n<p>La visita y navegaci\u00f3n por la Web no implica recogida de datos personales de los usuarios, a excepci\u00f3n de lo previsto en la&nbsp;Pol\u00edtica de Cookies.<\/p>\n\n\n\n<p>Los datos personales se obtendr\u00e1n cuando los usuarios completen alguno de los formularios que figuran en el Sitio o se suscriban voluntariamente al bolet\u00edn de noticias o&nbsp;<em>newsletters<\/em>. A continuaci\u00f3n, se describen con m\u00e1s detalle este tratamiento.<\/p>\n\n\n\n<h3 class=\"wp-block-heading\"><strong>\u00bfQUI\u00c9N ES EL RESPONSABLE DEL TRATAMIENTO DE LOS DATOS PERSONALES?<\/strong><\/h3>\n\n\n\n<p>El responsable del tratamiento de los datos personales que se detalla a continuaci\u00f3n es la ASOCIACI\u00d3N Grupo Bapi (\u201c<strong>BAPI<\/strong>\u201d), con domicilio en Pamplona<\/p>\n\n\n\n<p>En el \u00faltimo apartado de esta pol\u00edtica, encontrar\u00e1 informaci\u00f3n adicional sobre c\u00f3mo ejercer sus derechos frente al citado responsable.<\/p>\n\n\n\n<h3 class=\"wp-block-heading\"><strong>\u00bfQU\u00c9 DATOS PERSONALES RECOGE Y TRATA <strong>BAPI<\/strong>?<\/strong><\/h3>\n\n\n\n<p>Los datos personales recogidos aparecen detallados en cada formulario, donde se encuentran marcados los que son voluntarios y los que resulta obligatorio facilitar para que se tramite su petici\u00f3n. <strong>BAPI<\/strong> trata fundamentalmente datos identificativos (nombre y apellidos) y de contacto (correo electr\u00f3nico, direcci\u00f3n postal, tel\u00e9fono). Algunos formularios permiten que el usuario facilite informaci\u00f3n adicional o deje sus comentarios. Cualquier dato incluido en los campos de texto libre es facilitado por el usuario bajo su propia responsabilidad. <strong>BAPI<\/strong> eliminar\u00e1 todos los datos personales que no resulten necesarios para tramitar las peticiones que recibe. \u00a0<\/p>\n\n\n\n<h3 class=\"wp-block-heading\"><strong>\u00bfCU\u00c1NDO Y PARA QU\u00c9 RECOGE TGL DATOS PERSONALES? \u00bfQU\u00c9 BASE LEGAL PERMITE EL TRATAMIENTO?<\/strong><\/h3>\n\n\n\n<p><strong>BAPI<\/strong> recoge datos personales de los usuarios de la Web para las siguientes finalidades:<\/p>\n\n\n\n<p>Atenci\u00f3n de las peticiones y solicitudes que nos remitan los usuarios a trav\u00e9s de los formularios de contacto. La base que legitima el tratamiento es el consentimiento del afectado. Recuerde que, al completar un formulario, solo podr\u00e1 facilitar datos de los que es titular, nunca de terceros.<\/p>\n\n\n\n<h3 class=\"wp-block-heading\"><strong>\u00bfQUI\u00c9NES SON LOS DESTINATARIOS DE LOS DATOS PERSONALES QUE RECOGE <strong>BAPI<\/strong>?<\/strong><\/h3>\n\n\n\n<p>Dentro de <strong>BAPI<\/strong>, los datos personales recogidos ser\u00e1n tratados por los departamentos y personas f\u00edsicas que desarrollen funciones que hagan necesario el acceso a los mismos. <strong>BAPI<\/strong> ha implantado medidas de seguridad que incluyen la asignaci\u00f3n de perfiles basados en la necesidad de acceso a datos para garantizar la confidencialidad de los mismos.<\/p>\n\n\n\n<p>Por otro lado, T<strong>BAPI<\/strong>L cuenta con los servicios de distintos proveedores externos, con los que ha firmado el correspondiente contrato de encargado del tratamiento para regular el uso de los datos personales a los que pudieran tener acceso.<\/p>\n\n\n\n<h3 class=\"wp-block-heading\"><strong>\u00bfDURANTE CU\u00c1NTO TIEMPO SE CONSERVAN?<\/strong><\/h3>\n\n\n\n<p>Trataremos los datos de los suscriptores de nuestra&nbsp;<em>newsletter<\/em>&nbsp;hasta que nos soliciten la baja\/revoquen su consentimiento.<\/p>\n\n\n\n<p>Si usted se pone en contacto con nosotros a trav\u00e9s de alguno de los formularios, sus datos se almacenar\u00e1n el tiempo necesario para atender su petici\u00f3n. &nbsp;<\/p>\n\n\n\n<p><strong>BAPI<\/strong> no eliminar\u00e1 f\u00edsicamente ning\u00fan dato sin aplicar antes un bloqueo de tres a\u00f1os, a efectos de atender posibles responsabilidades surgidas del tratamiento.<\/p>\n\n\n\n<h3 class=\"wp-block-heading\"><strong>\u00bfQU\u00c9 DERECHOS TIENEN LOS AFECTADOS O INTERESADOS?<\/strong><\/h3>\n\n\n\n<p>La normativa de protecci\u00f3n de datos reconoce a los afectados los siguientes derechos:<\/p>\n\n\n\n<ul class=\"wp-block-list\">\n<li>El derecho a acceder a sus datos personales y obtener una copia de los datos de base.<\/li>\n\n\n\n<li>El derecho de supresi\u00f3n.<\/li>\n\n\n\n<li>El derecho de rectificaci\u00f3n de aquellos datos inexactos o incorrectos.<\/li>\n\n\n\n<li>El derecho de oposici\u00f3n a determinados tratamientos.<\/li>\n\n\n\n<li>El derecho de limitaci\u00f3n del tratamiento.<\/li>\n\n\n\n<li>El derecho de portabilidad.<\/li>\n<\/ul>\n\n\n\n<p>Para ejercer estos derechos, podr\u00e1n ponerse en contacto con <strong>BAPI<\/strong>, en su calidad de responsable del tratamiento, a trav\u00e9s de los siguientes medios:<\/p>\n\n\n\n<p>Correo electr\u00f3nico: info@grupobapi.com<\/p>\n\n\n\n<p>Por los mismos medios, se podr\u00e1, en cualquier momento, revocar el consentimiento prestado<\/p>\n\n\n\n<p>Adem\u00e1s de lo anterior, cualquier persona que considere que <strong>BAPI<\/strong> ha tratado de forma indebida sus datos tiene derecho a presentar una reclamaci\u00f3n ante la Agencia Espa\u00f1ola de Protecci\u00f3n de Datos (<a href=\"http:\/\/www.agpd.es\/\">www.agpd.es<\/a>).<\/p>\n","protected":false},"excerpt":{"rendered":"<p>La presente pol\u00edtica de privacidad regula el tratamiento de datos efectuado a trav\u00e9s de la web\u00a0www.grupobapi.com\u00a0(en adelante, la \u201cWeb\u201d o el \u201cSitio\u201d). La visita y navegaci\u00f3n por la Web no implica recogida de datos personales de los usuarios, a excepci\u00f3n de lo previsto en la&nbsp;Pol\u00edtica de Cookies. Los datos personales se obtendr\u00e1n cuando los usuarios [&hellip;]<\/p>\n","protected":false},"author":1,"featured_media":0,"parent":0,"menu_order":0,"comment_status":"closed","ping_status":"closed","template":"","meta":{"footnotes":""},"class_list":["post-3","page","type-page","status-publish","hentry"],"_links":{"self":[{"href":"https:\/\/grupobapi.com\/index.php?rest_route=\/wp\/v2\/pages\/3","targetHints":{"allow":["GET"]}}],"collection":[{"href":"https:\/\/grupobapi.com\/index.php?rest_route=\/wp\/v2\/pages"}],"about":[{"href":"https:\/\/grupobapi.com\/index.php?rest_route=\/wp\/v2\/types\/page"}],"author":[{"embeddable":true,"href":"https:\/\/grupobapi.com\/index.php?rest_route=\/wp\/v2\/users\/1"}],"replies":[{"embeddable":true,"href":"https:\/\/grupobapi.com\/index.php?rest_route=%2Fwp%2Fv2%2Fcomments&post=3"}],"version-history":[{"count":3,"href":"https:\/\/grupobapi.com\/index.php?rest_route=\/wp\/v2\/pages\/3\/revisions"}],"predecessor-version":[{"id":168,"href":"https:\/\/grupobapi.com\/index.php?rest_route=\/wp\/v2\/pages\/3\/revisions\/168"}],"wp:attachment":[{"href":"https:\/\/grupobapi.com\/index.php?rest_route=%2Fwp%2Fv2%2Fmedia&parent=3"}],"curies":[{"name":"wp","href":"https:\/\/api.w.org\/{rel}","templated":true}]}}