{"id":169,"date":"2023-12-01T15:05:09","date_gmt":"2023-12-01T14:05:09","guid":{"rendered":"https:\/\/grupobapi.com\/?page_id=169"},"modified":"2023-12-01T15:13:09","modified_gmt":"2023-12-01T14:13:09","slug":"avisolegal","status":"publish","type":"page","link":"https:\/\/grupobapi.com\/?page_id=169","title":{"rendered":"Aviso Legal"},"content":{"rendered":"\n<p>El presente aviso legal (en adelante, el \u201c<strong>Aviso legal<\/strong>\u201d) regula el uso del portal de internet \u201cwww.grupobapi.com\u201d (la \u201c<strong>P\u00e1gina web<\/strong>\u201d) del que es responsable Grupo BAPI (\u201c<strong><strong>BAPI<\/strong><\/strong>\u201d). La utilizaci\u00f3n de la P\u00e1gina web implica la condici\u00f3n de usuario de la P\u00e1gina web (en adelante, el \u201c<strong>Usuario<\/strong>\u201d) e aceptaci\u00f3n plena y sin reservas de todas y cada una de las disposiciones incluidas en este Aviso legal en la versi\u00f3n publicada por <strong>BAPI<\/strong> en el momento mismo que el Usuario acceda a la P\u00e1gina web. El Usuario debe leer cada vez que se proponga utilizar la P\u00e1gina web este Aviso legal. <strong>BAPI<\/strong> se reserva el derecho a modificar en cualquier momento el Aviso legal.<\/p>\n\n\n\n<h3 class=\"wp-block-heading\"><strong>1. Informaci\u00f3n legal<\/strong><\/h3>\n\n\n\n<p>La <strong>Grupo BAPI<\/strong> tiene su domicilio social en Pamplona<\/p>\n\n\n\n<p><strong>BAPI<\/strong> es titular del nombre de dominio grupobapi.com<\/p>\n\n\n\n<p>El acceso a la P\u00e1gina web es gratuito, sin perjuicio del coste de conexi\u00f3n a trav\u00e9s de la correspondiente red de telecomunicaciones que para el Usuario tenga el acceso.<\/p>\n\n\n\n<p>Si tienes alguna queja, reclamaci\u00f3n o consulta puedes ponerte en contacto con nosotros a trav\u00e9s del siguiente correo electr\u00f3nico: info@grupobapi.com<\/p>\n\n\n\n<h3 class=\"wp-block-heading\"><strong>2. Seguridad<\/strong><\/h3>\n\n\n\n<p>Las transmisiones de todos los datos personales se realizan a trav\u00e9s de P\u00e1gina Segura, un sistema que garantiza la confidencialidad de los datos enviados.<\/p>\n\n\n\n<p>Los datos personales que se solicitan son siempre los estrictamente necesarios para el mantenimiento, desarrollo o control de la relaci\u00f3n contractual con los Usuarios. Para m\u00e1s informaci\u00f3n sobre el tratamiento que hacemos de tus datos consulta nuestra&nbsp;<a href=\"https:\/\/www.thegoodlobby.es\/politica-de-privacidad\/\">Pol\u00edtica de Privacidad<\/a><\/p>\n\n\n\n<h3 class=\"wp-block-heading\"><strong>3. Exclusi\u00f3n de responsabilidad<\/strong><\/h3>\n\n\n\n<p><strong>BAPI<\/strong> no garantiza el acceso ininterrumpido a la P\u00e1gina web ni se responsabiliza de los da\u00f1os y perjuicios derivados de eventuales fallos en su centro de procesamiento de datos, las l\u00edneas telef\u00f3nicas, las redes de comunicaciones o los sistemas electr\u00f3nicos. <strong>BAPI<\/strong> tampoco ser\u00e1 responsable de los da\u00f1os causados por las posibles intromisiones ileg\u00edtimas de terceros fuera de su control.<\/p>\n\n\n\n<p>Tampoco se garantiza que el software del que depende el funcionamiento de la P\u00e1gina web est\u00e9 libre de errores o la inexistencia de virus inform\u00e1ticos u otros programas ejecutables que puedan da\u00f1ar los sistemas inform\u00e1ticos de los Usuarios de la P\u00e1gina web.<\/p>\n\n\n\n<p>En el caso de que el Usuario registrado descargue material o lo utilice de cualquier otra forma, lo har\u00e1 bajo su propia responsabilidad. <strong>BAPI<\/strong> no ser\u00e1 responsable de ninguna p\u00e9rdida o da\u00f1os causados al Usuario a ra\u00edz de la descarga o el uso arriba especificado, particularmente cuando se trate de p\u00e9rdida de datos, hardware o software. La responsabilidad en caso de dolo o negligencia grave no se ve afectada. <strong>BAPI<\/strong> no asumir\u00e1 ninguna responsabilidad por la ninguna violaci\u00f3n de derechos de terceras partes.<\/p>\n\n\n\n<p>La informaci\u00f3n proporcionada en la P\u00e1gina web ha sido recopilada y verificada con la debida diligencia. Aun as\u00ed, <strong>BAPI<\/strong> no asume ninguna responsabilidad referente al hecho de que la informaci\u00f3n sea precisa, actualizada y completa.<\/p>\n\n\n\n<h3 class=\"wp-block-heading\"><strong>4. Propiedad intelectual e industrial<\/strong><\/h3>\n\n\n\n<p>Todos los contenidos de la P\u00e1gina web incluyendo, sin limitaci\u00f3n, los textos, im\u00e1genes, dise\u00f1os, productos, software, marcas y logotipos, son propiedad de <strong>BAPI<\/strong> o, en su caso, de los terceros con los que se hubieran suscrito los correspondientes contratos de licencia y est\u00e1n protegidos por derechos de propiedad intelectual e industrial.<\/p>\n\n\n\n<p>Queda prohibida cualquier explotaci\u00f3n de dichos contenidos y, en particular, su reproducci\u00f3n, distribuci\u00f3n, comunicaci\u00f3n p\u00fablica y\/o transformaci\u00f3n, sin contar con la autorizaci\u00f3n previa y por escrito del titular de derechos correspondiente.<\/p>\n\n\n\n<p>Los contenidos de la P\u00e1gina web est\u00e1n a disposici\u00f3n del p\u00fablico con fines meramente informativos y pueden ser modificados y actualizados en cualquier momento.<\/p>\n\n\n\n<p>La P\u00e1gina web podr\u00e1 contener enlaces a otros sitios web mediante diferentes links, banners, etc., cuya gesti\u00f3n corresponde a terceros. En este sentido, <strong>BAPI<\/strong> no asume ning\u00fan tipo de responsabilidad derivada de cualquier aspecto relativo a los sitios web de terceros a los que se establezca un enlace desde la P\u00e1gina web.<\/p>\n\n\n\n<p><strong>BAPI<\/strong> se reserva el derecho a ejercitar las acciones que considere oportunas contra quienes infrinjan cualquiera de los derechos descritos en este apartado.<\/p>\n\n\n\n<h3 class=\"wp-block-heading\"><strong>5. Jurisdicci\u00f3n Aplicable<\/strong><\/h3>\n\n\n\n<p>El presente Aviso legal se rige e interpreta por las leyes espa\u00f1olas. En el supuesto de que surja cualquier conflicto o discrepancia en la interpretaci\u00f3n o aplicaci\u00f3n del Aviso legal, los Juzgados y Tribunales que, en su caso, conocer\u00e1n del asunto, ser\u00e1n los de la ciudad de Navarra.<\/p>\n","protected":false},"excerpt":{"rendered":"<p>El presente aviso legal (en adelante, el \u201cAviso legal\u201d) regula el uso del portal de internet \u201cwww.grupobapi.com\u201d (la \u201cP\u00e1gina web\u201d) del que es responsable Grupo BAPI (\u201cBAPI\u201d). La utilizaci\u00f3n de la P\u00e1gina web implica la condici\u00f3n de usuario de la P\u00e1gina web (en adelante, el \u201cUsuario\u201d) e aceptaci\u00f3n plena y sin reservas de todas y [&hellip;]<\/p>\n","protected":false},"author":1,"featured_media":0,"parent":0,"menu_order":0,"comment_status":"closed","ping_status":"closed","template":"","meta":{"footnotes":""},"class_list":["post-169","page","type-page","status-publish","hentry"],"_links":{"self":[{"href":"https:\/\/grupobapi.com\/index.php?rest_route=\/wp\/v2\/pages\/169","targetHints":{"allow":["GET"]}}],"collection":[{"href":"https:\/\/grupobapi.com\/index.php?rest_route=\/wp\/v2\/pages"}],"about":[{"href":"https:\/\/grupobapi.com\/index.php?rest_route=\/wp\/v2\/types\/page"}],"author":[{"embeddable":true,"href":"https:\/\/grupobapi.com\/index.php?rest_route=\/wp\/v2\/users\/1"}],"replies":[{"embeddable":true,"href":"https:\/\/grupobapi.com\/index.php?rest_route=%2Fwp%2Fv2%2Fcomments&post=169"}],"version-history":[{"count":1,"href":"https:\/\/grupobapi.com\/index.php?rest_route=\/wp\/v2\/pages\/169\/revisions"}],"predecessor-version":[{"id":170,"href":"https:\/\/grupobapi.com\/index.php?rest_route=\/wp\/v2\/pages\/169\/revisions\/170"}],"wp:attachment":[{"href":"https:\/\/grupobapi.com\/index.php?rest_route=%2Fwp%2Fv2%2Fmedia&parent=169"}],"curies":[{"name":"wp","href":"https:\/\/api.w.org\/{rel}","templated":true}]}}